{"id":178,"date":"2024-11-29T10:52:01","date_gmt":"2024-11-29T14:52:01","guid":{"rendered":"https:\/\/3wsistemas.wuaze.com\/?page_id=178"},"modified":"2024-11-29T10:52:01","modified_gmt":"2024-11-29T14:52:01","slug":"nossa-equipe","status":"publish","type":"page","link":"https:\/\/3wsistemas.com\/?page_id=178","title":{"rendered":"NOSSA EQUIPE"},"content":{"rendered":"\n<p style=\"font-size:20px\">Nossa Empresa tem como objetivo desenvolver solu\u00e7\u00f5es inovadoras que transformem vidas e neg\u00f3cios. Fornecer tecnologia de ponta para melhorar a efici\u00eancia e produtividade. Criar software que simplifique processos e melhore a experi\u00eancia do usu\u00e1rio<\/p>\n\n\n\n<p style=\"font-size:20px\">Somos uma equipe inovadora e apaixonada por tecnologia, dedicada a criar solu\u00e7\u00f5es de software de alta qualidade e performance. Contamos com um time super empenhado para atender suas mais diversas d\u00favidas e temos como miss\u00e3o, desenvolver solu\u00e7\u00f5es pr\u00e1ticas que facilitem a vida do usu\u00e1rios em processos burocr\u00e1ticos e complexos.<\/p>\n\n\n\n<p class=\"has-text-align-center\">CEO MARCELO TRUIZ      &#8211;      CFO  MOACIR DELMONICO<\/p>\n\n\n\n<p class=\"has-text-align-center\">CNPJ: 52.267.874\/0001-03<\/p>\n\n\n\n<p><\/p>\n","protected":false},"excerpt":{"rendered":"<p>Nossa Empresa tem como objetivo desenvolver solu\u00e7\u00f5es inovadoras que transformem vidas e neg\u00f3cios. Fornecer tecnologia de ponta para melhorar a efici\u00eancia e produtividade. Criar software que simplifique processos e melhore a experi\u00eancia do usu\u00e1rio Somos uma equipe inovadora e apaixonada por tecnologia, dedicada a criar solu\u00e7\u00f5es de software de alta qualidade e performance. Contamos com [&hellip;]<\/p>\n","protected":false},"author":1,"featured_media":0,"parent":0,"menu_order":0,"comment_status":"closed","ping_status":"closed","template":"page-templates\/page-full-width.php","meta":{"footnotes":""},"class_list":["post-178","page","type-page","status-publish","hentry"],"_links":{"self":[{"href":"https:\/\/3wsistemas.com\/index.php?rest_route=\/wp\/v2\/pages\/178","targetHints":{"allow":["GET"]}}],"collection":[{"href":"https:\/\/3wsistemas.com\/index.php?rest_route=\/wp\/v2\/pages"}],"about":[{"href":"https:\/\/3wsistemas.com\/index.php?rest_route=\/wp\/v2\/types\/page"}],"author":[{"embeddable":true,"href":"https:\/\/3wsistemas.com\/index.php?rest_route=\/wp\/v2\/users\/1"}],"replies":[{"embeddable":true,"href":"https:\/\/3wsistemas.com\/index.php?rest_route=%2Fwp%2Fv2%2Fcomments&post=178"}],"version-history":[{"count":0,"href":"https:\/\/3wsistemas.com\/index.php?rest_route=\/wp\/v2\/pages\/178\/revisions"}],"wp:attachment":[{"href":"https:\/\/3wsistemas.com\/index.php?rest_route=%2Fwp%2Fv2%2Fmedia&parent=178"}],"curies":[{"name":"wp","href":"https:\/\/api.w.org\/{rel}","templated":true}]}}