{"id":180,"date":"2024-11-29T10:52:21","date_gmt":"2024-11-29T14:52:21","guid":{"rendered":"https:\/\/3wsistemas.wuaze.com\/?page_id=180"},"modified":"2024-11-29T10:52:21","modified_gmt":"2024-11-29T14:52:21","slug":"nossos-produtos","status":"publish","type":"page","link":"https:\/\/3wsistemas.com\/?page_id=180","title":{"rendered":"NOSSOS PRODUTOS"},"content":{"rendered":"\n<p><\/p>\n\n\n\n<p><strong>e-facilite<\/strong><\/p>\n\n\n\n<p><strong>APP para Regulariza\u00e7\u00e3o de Associa\u00e7\u00e3o<\/strong><\/p>\n\n\n\n<p>Nosso APP possibilita entidades do terceiro setor (associa\u00e7\u00f5es e cooperativas) a gerir tanto informa\u00e7\u00f5es quanto documentos de forma simples e autom\u00e1tica. Nossa solu\u00e7\u00e3o atende tr\u00eas<\/p>\n\n\n\n<p>etapas fundamentais de uma entidade do terceiro setor:<\/p>\n\n\n\n<p>1-Emitir, controlar e gerenciar pagamentos de associados e cooperados com boletos, relat\u00f3rios e controle preciso das receitas e despesas.<\/p>\n\n\n\n<p>2-Regulariza\u00e7\u00e3o dos documentos cartor\u00e1rios e de outras esferas de maneira simplificada, aut\u00f4noma e sem burocracias. Atas, Editais e Estatutos podem ser elaborados em poucos passos e o melhor de tudo sem a necessidade de conhecimento sobre o assunto, eliminando gastos com escrit\u00f3rios.<\/p>\n\n\n\n<p>3-Gest\u00e3o dos associados e cooperados de maneira facilitada e did\u00e1tica com v\u00e1rias ferramentas para controle e aux\u00edlio.<\/p>\n\n\n\n<p><strong>Caixa aut\u00f4nomo para supermercados<\/strong><\/p>\n\n\n\n<p>Nossa IA (intelig\u00eancia Artificial) treinada especificamente para operar de modo aut\u00f4nomo em supermercados e lojas de conveni\u00eancia dentre outros usos do com\u00e9rcio de autoatendimento.<\/p>\n\n\n\n<p><strong>APP emiss\u00e3o de notas fiscais<\/strong><\/p>\n\n\n\n<p>Nosso sistema consegue emitir suas notas fiscais de maneira simples e r\u00e1pida utilizando o WhatsApp, ideal para escrit\u00f3rios de contabilidades e ainda para escrit\u00f3rios de empresas que necessita gerar constantemente notas fiscais, seja de consumo, servi\u00e7o ou de produtor rural.<\/p>\n\n\n\n<p><strong>APP para controle e gest\u00e3o do produtor rural<\/strong><\/p>\n\n\n\n<p>N\u00e3o perca mais notas ou deixe seu contador louco sem as informa\u00e7\u00f5es necess\u00e1ria para fazer seu imposto de renda. Temos o sistema ideal para resolver um dos maiores problemas para o produtor rural. Todas as notas fiscais emitidas em seu CPF s\u00e3o armazenadas em uma conta do produtor que depois ser\u00e1 utilizado para compor suas receitas e despesas no seu imposto de renda anual ou carn\u00ea le\u00e3o.<\/p>\n","protected":false},"excerpt":{"rendered":"<p>e-facilite APP para Regulariza\u00e7\u00e3o de Associa\u00e7\u00e3o Nosso APP possibilita entidades do terceiro setor (associa\u00e7\u00f5es e cooperativas) a gerir tanto informa\u00e7\u00f5es quanto documentos de forma simples e autom\u00e1tica. Nossa solu\u00e7\u00e3o atende tr\u00eas etapas fundamentais de uma entidade do terceiro setor: 1-Emitir, controlar e gerenciar pagamentos de associados e cooperados com boletos, relat\u00f3rios e controle preciso das [&hellip;]<\/p>\n","protected":false},"author":1,"featured_media":0,"parent":0,"menu_order":0,"comment_status":"closed","ping_status":"closed","template":"page-templates\/page-full-width.php","meta":{"footnotes":""},"class_list":["post-180","page","type-page","status-publish","hentry"],"_links":{"self":[{"href":"https:\/\/3wsistemas.com\/index.php?rest_route=\/wp\/v2\/pages\/180","targetHints":{"allow":["GET"]}}],"collection":[{"href":"https:\/\/3wsistemas.com\/index.php?rest_route=\/wp\/v2\/pages"}],"about":[{"href":"https:\/\/3wsistemas.com\/index.php?rest_route=\/wp\/v2\/types\/page"}],"author":[{"embeddable":true,"href":"https:\/\/3wsistemas.com\/index.php?rest_route=\/wp\/v2\/users\/1"}],"replies":[{"embeddable":true,"href":"https:\/\/3wsistemas.com\/index.php?rest_route=%2Fwp%2Fv2%2Fcomments&post=180"}],"version-history":[{"count":0,"href":"https:\/\/3wsistemas.com\/index.php?rest_route=\/wp\/v2\/pages\/180\/revisions"}],"wp:attachment":[{"href":"https:\/\/3wsistemas.com\/index.php?rest_route=%2Fwp%2Fv2%2Fmedia&parent=180"}],"curies":[{"name":"wp","href":"https:\/\/api.w.org\/{rel}","templated":true}]}}